{"id":100,"date":"2021-10-14T10:01:19","date_gmt":"2021-10-14T08:01:19","guid":{"rendered":"https:\/\/www.gynein.sk\/?page_id=100"},"modified":"2025-02-18T09:29:30","modified_gmt":"2025-02-18T08:29:30","slug":"cennik","status":"publish","type":"page","link":"https:\/\/gynein.sk\/?page_id=100","title":{"rendered":"Cenn\u00edk"},"content":{"rendered":"\n<figure class=\"wp-block-table\"><table><tbody><tr><td>\n\t\t\tPou\u017eitie\n\t\t\tjednor\u00e1zov\u00e9ho materi\u00e1lu pri vy\u0161etren\u00ed \/ vy\u0161etrovacie\n\t\t\tzrkadl\u00e1, toner, USG papier, n\u00e1vlek na sondu &#8230;\/   \n\t\t\t\n\t\t<\/td><td>3\u20ac <\/td><\/tr><tr><td>Kompletn\u00e1 prevent\u00edvna prehliadka pre samoplatkyne, vr\u00e1tane LBC <\/td><td>52\u20ac <\/td><\/tr><tr><td>\n\t\t\tVy\u0161etrenie\n\t\t\tpred hormon\u00e1lnou antikoncepciou \/vr\u00e1tane USG, odberu krvi a\n\t\t\tvystavenie receptu\/ &#8211; 1 x ro\u010dne\n\t\t<\/td><td>\n\t\t\t   10\u20ac\n\t\t<\/td><\/tr><tr><td>\n\t\t\tVy\u0161etrenie\n\t\t\tnekapitovanej, nepoistenej pacientky                              \n\t\t\t                   \n\t\t\t\n\t\t<\/td><td>25\u20ac <\/td><\/tr><tr><td>\n\t\t\tVy\u0161etrenie\n\t\t\tnekapitovanej, nepoistenej pacientky + USG \/sono\/\n\t\t<\/td><td>\n\t\t\t   40\u20ac\n\t\t<\/td><\/tr><tr><td>\n\t\t\tUSG\n\t\t\tvy\u0161etrenie nekapitovanej \/nepoistenej\/ pacientky                 \n\t\t\t                         \n\t\t\t\n\t\t<\/td><td>\n\t\t\t   15\u20ac\n\t\t<\/td><\/tr><tr><td>\n\t\t\tUSG\n\t\t\tvy\u0161etrenie nekapitovanej \/nepoistenej\/ pacientky v 36. t\u00fd\u017edni\n\t\t\ttehotenstva s odhadom hmotnosti plodu\n\t\t<\/td><td>\n\t\t\t   20\u20ac\n\t\t<\/td><\/tr><tr><td>\n\t\t\t3D\n\t\t\tfoto z tehotensk\u00e9ho USG vy\u0161etrenia                              \n\t\t\t                                     \n\t\t\t\n\t\t<\/td><td>\n\t\t\t    3\u20ac\n\t\t<\/td><\/tr><tr><td>\n\t\t\t3D\/4D\n\t\t\tultrazvuk s ulo\u017een\u00edm na DVD nosi\u010d \n\t\t\t\n\t\t<\/td><td>\n\t\t\t   30\u20ac\n\t\t<\/td><\/tr><tr><td>\n\t\t\tZavedenie\n\t\t\tIUS \/MIRENA\/ vr\u00e1tane telieska a kontroln\u00e9ho USG                 \n\t\t\t           \n\t\t\t\n\t\t<\/td><td>\n\t\t\t  200\u20ac\n\t\t<\/td><\/tr><tr><td>\n\t\t\tZavedenie\n\t\t\tIUD \/DANA\/ vr\u00e1tane telieska a kontroln\u00e9ho USG \n\t\t\t\n\t\t<\/td><td>\n\t\t\t   50\u20ac\n\t\t<\/td><\/tr><tr><td>\n\t\t\tVybratie\n\t\t\tIUS, IUD                                                          \n\t\t\t                                            \n\t\t\t\n\t\t<\/td><td>\n\t\t\t   10\u20ac\n\t\t<\/td><\/tr><tr><td>\n\t\t\tExc\u00edzia\n\t\t\t\/odobratie vzorky na histologick\u00e9 vy\u0161etrenie\/     \n\t\t\t\n\t\t<\/td><td>\n\t\t\t   20\u20ac\n\t\t<\/td><\/tr><tr><td>\n\t\t\tLBC\n\t\t\tcytol\u00f3gia     \n\t\t\t\n\t\t<\/td><td>27\u20ac <\/td><\/tr><tr><td>\n\t\t\tTrombotest\n\t\t\t\/odber krvi na trombofiln\u00e9 stavy\/                                \n\t\t\t                      \n\t\t\t\n\t\t<\/td><td>\n\t\t\t   99\u20ac\n\t\t<\/td><\/tr><tr><td>\n\t\t\tTrombotest\n\t\t\t\/odber krvi na trombofiln\u00e9 stavy\/ pre ZP Union                   \n\t\t\t              \n\t\t\t\n\t\t<\/td><td>\n\t\t\t   89\u20ac\n\t\t<\/td><\/tr><tr><td>\n\t\t\tOGTT\n\t\t\t\/test na tehotensk\u00fa cukrovku\/  \n\t\t\t\n\t\t<\/td><td>\n\t\t\t    5\u20ac\n\t\t<\/td><\/tr><tr><td>\n\t\t\tVyp\u00edsanie\n\t\t\t\u017eiadosti na steriliz\u00e1ciu vr\u00e1tane vy\u0161etrenia a odberov         \n\t\t\t                     \n\t\t\t\n\t\t<\/td><td>\n\t\t\t   25\u20ac\n\t\t<\/td><\/tr><tr><td>\n\t\t\tVyp\u00edsanie\n\t\t\t\u017eiadosti na umel\u00e9 ukon\u010denie tehotenstva vr\u00e1tane vy\u0161etrenia   \n\t\t\t               \n\t\t\t\n\t\t<\/td><td>\n\t\t\t   20\u20ac\n\t\t<\/td><\/tr><tr><td>\n\t\t\tVyp\u00edsanie\n\t\t\tk\u00fape\u013en\u00e9ho n\u00e1vrhu\n\t\t<\/td><td>\n\t\t\t    5\u20ac\n\t\t<\/td><\/tr><tr><td>\n\t\t\tVyp\u00edsanie\n\t\t\ttla\u010diva pre komer\u010dn\u00fa pois\u0165ov\u0148u                               \n\t\t\t                                  \n\t\t\t\n\t\t<\/td><td>\n\t\t\t   15\u20ac\n\t\t<\/td><\/tr><tr><td>\n\t\t\tVyp\u00edsanie\n\t\t\ttla\u010diva na \u017eiados\u0165 pacientky \/v\u00fdpis z karty, potvrdenie o\n\t\t\tzdravotnom stave &#8230;\/  \n\t\t\t\n\t\t<\/td><td>\n\t\t\t    5\u20ac\n\t\t<\/td><\/tr><tr><td>\n\t\t\tOp\u00e4tovn\u00e9\n\t\t\tvystavenie tehotensk\u00e9ho preukazu alebo potvrdenia o\n\t\t\tpr\u00e1ceneschopnosti \/PN\/                                           \n\t\t\t                                                                  \n\t\t\t            \n\t\t\t\n\t\t<\/td><td>\n\t\t\t   10\u20ac\n\t\t<\/td><\/tr><tr><td>\n\t\t\tVyp\u00edsanie\n\t\t\tpriepustky do pr\u00e1ce \/na\u0161e tla\u010divo\/ \n\t\t\t\n\t\t<\/td><td>1\u20ac <\/td><\/tr><\/tbody><\/table><\/figure>\n","protected":false},"excerpt":{"rendered":"<p>Pou\u017eitie jednor\u00e1zov\u00e9ho materi\u00e1lu pri vy\u0161etren\u00ed \/ vy\u0161etrovacie zrkadl\u00e1, toner, USG papier, n\u00e1vlek na sondu &#8230;\/ 3\u20ac Kompletn\u00e1 prevent\u00edvna prehliadka pre samoplatkyne, vr\u00e1tane LBC 52\u20ac Vy\u0161etrenie pred hormon\u00e1lnou antikoncepciou \/vr\u00e1tane USG, odberu krvi a vystavenie receptu\/ &#8211; 1 x ro\u010dne 10\u20ac Vy\u0161etrenie nekapitovanej, nepoistenej pacientky 25\u20ac Vy\u0161etrenie nekapitovanej, nepoistenej pacientky + USG \/sono\/ 40\u20ac USG vy\u0161etrenie [&hellip;]<\/p>\n","protected":false},"author":1,"featured_media":0,"parent":0,"menu_order":0,"comment_status":"closed","ping_status":"closed","template":"","meta":{"_monsterinsights_skip_tracking":false,"_monsterinsights_sitenote_active":false,"_monsterinsights_sitenote_note":"","_monsterinsights_sitenote_category":0,"footnotes":""},"class_list":["post-100","page","type-page","status-publish","hentry"],"yoast_head":"<!-- This site is optimized with the Yoast SEO plugin v23.2 - https:\/\/yoast.com\/wordpress\/plugins\/seo\/ -->\n<title>Cenn\u00edk - Gynein<\/title>\n<meta name=\"robots\" content=\"index, follow, max-snippet:-1, max-image-preview:large, max-video-preview:-1\" \/>\n<link rel=\"canonical\" href=\"https:\/\/gynein.sk\/?page_id=100\" \/>\n<meta property=\"og:locale\" content=\"sk_SK\" \/>\n<meta property=\"og:type\" content=\"article\" \/>\n<meta property=\"og:title\" content=\"Cenn\u00edk - Gynein\" \/>\n<meta property=\"og:description\" content=\"Pou\u017eitie jednor\u00e1zov\u00e9ho materi\u00e1lu pri vy\u0161etren\u00ed \/ vy\u0161etrovacie zrkadl\u00e1, toner, USG papier, n\u00e1vlek na sondu &#8230;\/ 3\u20ac Kompletn\u00e1 prevent\u00edvna prehliadka pre samoplatkyne, vr\u00e1tane LBC 52\u20ac Vy\u0161etrenie pred hormon\u00e1lnou antikoncepciou \/vr\u00e1tane USG, odberu krvi a vystavenie receptu\/ &#8211; 1 x ro\u010dne 10\u20ac Vy\u0161etrenie nekapitovanej, nepoistenej pacientky 25\u20ac Vy\u0161etrenie nekapitovanej, nepoistenej pacientky + USG \/sono\/ 40\u20ac USG vy\u0161etrenie [&hellip;]\" \/>\n<meta property=\"og:url\" content=\"https:\/\/gynein.sk\/?page_id=100\" \/>\n<meta property=\"og:site_name\" content=\"Gynein\" \/>\n<meta property=\"article:modified_time\" content=\"2025-02-18T08:29:30+00:00\" \/>\n<meta name=\"twitter:card\" content=\"summary_large_image\" \/>\n<meta name=\"twitter:label1\" content=\"Predpokladan\u00fd \u010das \u010d\u00edtania\" \/>\n\t<meta name=\"twitter:data1\" content=\"2 min\u00faty\" \/>\n<script type=\"application\/ld+json\" class=\"yoast-schema-graph\">{\"@context\":\"https:\/\/schema.org\",\"@graph\":[{\"@type\":\"WebPage\",\"@id\":\"https:\/\/gynein.sk\/?page_id=100\",\"url\":\"https:\/\/gynein.sk\/?page_id=100\",\"name\":\"Cenn\u00edk - Gynein\",\"isPartOf\":{\"@id\":\"https:\/\/gynein.sk\/#website\"},\"datePublished\":\"2021-10-14T08:01:19+00:00\",\"dateModified\":\"2025-02-18T08:29:30+00:00\",\"breadcrumb\":{\"@id\":\"https:\/\/gynein.sk\/?page_id=100#breadcrumb\"},\"inLanguage\":\"sk-SK\",\"potentialAction\":[{\"@type\":\"ReadAction\",\"target\":[\"https:\/\/gynein.sk\/?page_id=100\"]}]},{\"@type\":\"BreadcrumbList\",\"@id\":\"https:\/\/gynein.sk\/?page_id=100#breadcrumb\",\"itemListElement\":[{\"@type\":\"ListItem\",\"position\":1,\"name\":\"Home\",\"item\":\"https:\/\/gynein.sk\/\"},{\"@type\":\"ListItem\",\"position\":2,\"name\":\"Cenn\u00edk\"}]},{\"@type\":\"WebSite\",\"@id\":\"https:\/\/gynein.sk\/#website\",\"url\":\"https:\/\/gynein.sk\/\",\"name\":\"Gynein\",\"description\":\"Komplexn\u00e1 starostlivos\u0165 v \u0161pecializovan\u00fdch odboroch\",\"potentialAction\":[{\"@type\":\"SearchAction\",\"target\":{\"@type\":\"EntryPoint\",\"urlTemplate\":\"https:\/\/gynein.sk\/?s={search_term_string}\"},\"query-input\":\"required name=search_term_string\"}],\"inLanguage\":\"sk-SK\"}]}<\/script>\n<!-- \/ Yoast SEO plugin. -->","yoast_head_json":{"title":"Cenn\u00edk - Gynein","robots":{"index":"index","follow":"follow","max-snippet":"max-snippet:-1","max-image-preview":"max-image-preview:large","max-video-preview":"max-video-preview:-1"},"canonical":"https:\/\/gynein.sk\/?page_id=100","og_locale":"sk_SK","og_type":"article","og_title":"Cenn\u00edk - Gynein","og_description":"Pou\u017eitie jednor\u00e1zov\u00e9ho materi\u00e1lu pri vy\u0161etren\u00ed \/ vy\u0161etrovacie zrkadl\u00e1, toner, USG papier, n\u00e1vlek na sondu &#8230;\/ 3\u20ac Kompletn\u00e1 prevent\u00edvna prehliadka pre samoplatkyne, vr\u00e1tane LBC 52\u20ac Vy\u0161etrenie pred hormon\u00e1lnou antikoncepciou \/vr\u00e1tane USG, odberu krvi a vystavenie receptu\/ &#8211; 1 x ro\u010dne 10\u20ac Vy\u0161etrenie nekapitovanej, nepoistenej pacientky 25\u20ac Vy\u0161etrenie nekapitovanej, nepoistenej pacientky + USG \/sono\/ 40\u20ac USG vy\u0161etrenie [&hellip;]","og_url":"https:\/\/gynein.sk\/?page_id=100","og_site_name":"Gynein","article_modified_time":"2025-02-18T08:29:30+00:00","twitter_card":"summary_large_image","twitter_misc":{"Predpokladan\u00fd \u010das \u010d\u00edtania":"2 min\u00faty"},"schema":{"@context":"https:\/\/schema.org","@graph":[{"@type":"WebPage","@id":"https:\/\/gynein.sk\/?page_id=100","url":"https:\/\/gynein.sk\/?page_id=100","name":"Cenn\u00edk - Gynein","isPartOf":{"@id":"https:\/\/gynein.sk\/#website"},"datePublished":"2021-10-14T08:01:19+00:00","dateModified":"2025-02-18T08:29:30+00:00","breadcrumb":{"@id":"https:\/\/gynein.sk\/?page_id=100#breadcrumb"},"inLanguage":"sk-SK","potentialAction":[{"@type":"ReadAction","target":["https:\/\/gynein.sk\/?page_id=100"]}]},{"@type":"BreadcrumbList","@id":"https:\/\/gynein.sk\/?page_id=100#breadcrumb","itemListElement":[{"@type":"ListItem","position":1,"name":"Home","item":"https:\/\/gynein.sk\/"},{"@type":"ListItem","position":2,"name":"Cenn\u00edk"}]},{"@type":"WebSite","@id":"https:\/\/gynein.sk\/#website","url":"https:\/\/gynein.sk\/","name":"Gynein","description":"Komplexn\u00e1 starostlivos\u0165 v \u0161pecializovan\u00fdch odboroch","potentialAction":[{"@type":"SearchAction","target":{"@type":"EntryPoint","urlTemplate":"https:\/\/gynein.sk\/?s={search_term_string}"},"query-input":"required name=search_term_string"}],"inLanguage":"sk-SK"}]}},"_links":{"self":[{"href":"https:\/\/gynein.sk\/index.php?rest_route=\/wp\/v2\/pages\/100"}],"collection":[{"href":"https:\/\/gynein.sk\/index.php?rest_route=\/wp\/v2\/pages"}],"about":[{"href":"https:\/\/gynein.sk\/index.php?rest_route=\/wp\/v2\/types\/page"}],"author":[{"embeddable":true,"href":"https:\/\/gynein.sk\/index.php?rest_route=\/wp\/v2\/users\/1"}],"replies":[{"embeddable":true,"href":"https:\/\/gynein.sk\/index.php?rest_route=%2Fwp%2Fv2%2Fcomments&post=100"}],"version-history":[{"count":4,"href":"https:\/\/gynein.sk\/index.php?rest_route=\/wp\/v2\/pages\/100\/revisions"}],"predecessor-version":[{"id":252,"href":"https:\/\/gynein.sk\/index.php?rest_route=\/wp\/v2\/pages\/100\/revisions\/252"}],"wp:attachment":[{"href":"https:\/\/gynein.sk\/index.php?rest_route=%2Fwp%2Fv2%2Fmedia&parent=100"}],"curies":[{"name":"wp","href":"https:\/\/api.w.org\/{rel}","templated":true}]}}