{"id":108,"date":"2021-10-14T10:02:33","date_gmt":"2021-10-14T08:02:33","guid":{"rendered":"https:\/\/www.gynein.sk\/?page_id=108"},"modified":"2021-10-15T09:22:57","modified_gmt":"2021-10-15T07:22:57","slug":"pred-vstupom-do-ambulancie","status":"publish","type":"page","link":"https:\/\/gynein.sk\/?page_id=108","title":{"rendered":"Pred vstupom do ambulancie"},"content":{"rendered":"\n<ul class=\"wp-block-list\"><li>sa prezujte <\/li><li>vypnite si mobiln\u00fd telef\u00f3n<\/li><li>pripravte si preukaz poistenca<\/li><li>pripravte si 1\u20ac za jednor\u00e1zov\u00fd materi\u00e1l \/pr\u00edp. 3\u20ac, ak ste objednan\u00e1 na presn\u00fd \u010das\/<\/li><li>premyslite si d\u00e1tum poslednej men\u0161tru\u00e1cie<\/li><li>vymo\u010dte sa, pred vy\u0161etren\u00edm je vhodn\u00e9 ma\u0165 pr\u00e1zdny mo\u010dov\u00fd mech\u00far<\/li><\/ul>\n\n\n\n<p><\/p>\n","protected":false},"excerpt":{"rendered":"<p>sa prezujte vypnite si mobiln\u00fd telef\u00f3n pripravte si preukaz poistenca pripravte si 1\u20ac za jednor\u00e1zov\u00fd materi\u00e1l \/pr\u00edp. 3\u20ac, ak ste objednan\u00e1 na presn\u00fd \u010das\/ premyslite si d\u00e1tum poslednej men\u0161tru\u00e1cie vymo\u010dte sa, pred vy\u0161etren\u00edm je vhodn\u00e9 ma\u0165 pr\u00e1zdny mo\u010dov\u00fd mech\u00far<\/p>\n","protected":false},"author":1,"featured_media":0,"parent":0,"menu_order":0,"comment_status":"closed","ping_status":"closed","template":"","meta":{"_monsterinsights_skip_tracking":false,"_monsterinsights_sitenote_active":false,"_monsterinsights_sitenote_note":"","_monsterinsights_sitenote_category":0,"footnotes":""},"class_list":["post-108","page","type-page","status-publish","hentry"],"yoast_head":"<!-- This site is optimized with the Yoast SEO plugin v23.2 - https:\/\/yoast.com\/wordpress\/plugins\/seo\/ -->\n<title>Pred vstupom do ambulancie - Gynein<\/title>\n<meta name=\"robots\" content=\"index, follow, max-snippet:-1, max-image-preview:large, max-video-preview:-1\" \/>\n<link rel=\"canonical\" href=\"https:\/\/gynein.sk\/?page_id=108\" \/>\n<meta property=\"og:locale\" content=\"sk_SK\" \/>\n<meta property=\"og:type\" content=\"article\" \/>\n<meta property=\"og:title\" content=\"Pred vstupom do ambulancie - Gynein\" \/>\n<meta property=\"og:description\" content=\"sa prezujte vypnite si mobiln\u00fd telef\u00f3n pripravte si preukaz poistenca pripravte si 1\u20ac za jednor\u00e1zov\u00fd materi\u00e1l \/pr\u00edp. 3\u20ac, ak ste objednan\u00e1 na presn\u00fd \u010das\/ premyslite si d\u00e1tum poslednej men\u0161tru\u00e1cie vymo\u010dte sa, pred vy\u0161etren\u00edm je vhodn\u00e9 ma\u0165 pr\u00e1zdny mo\u010dov\u00fd mech\u00far\" \/>\n<meta property=\"og:url\" content=\"https:\/\/gynein.sk\/?page_id=108\" \/>\n<meta property=\"og:site_name\" content=\"Gynein\" \/>\n<meta property=\"article:modified_time\" content=\"2021-10-15T07:22:57+00:00\" \/>\n<meta name=\"twitter:card\" content=\"summary_large_image\" \/>\n<script type=\"application\/ld+json\" class=\"yoast-schema-graph\">{\"@context\":\"https:\/\/schema.org\",\"@graph\":[{\"@type\":\"WebPage\",\"@id\":\"https:\/\/gynein.sk\/?page_id=108\",\"url\":\"https:\/\/gynein.sk\/?page_id=108\",\"name\":\"Pred vstupom do ambulancie - Gynein\",\"isPartOf\":{\"@id\":\"https:\/\/gynein.sk\/#website\"},\"datePublished\":\"2021-10-14T08:02:33+00:00\",\"dateModified\":\"2021-10-15T07:22:57+00:00\",\"breadcrumb\":{\"@id\":\"https:\/\/gynein.sk\/?page_id=108#breadcrumb\"},\"inLanguage\":\"sk-SK\",\"potentialAction\":[{\"@type\":\"ReadAction\",\"target\":[\"https:\/\/gynein.sk\/?page_id=108\"]}]},{\"@type\":\"BreadcrumbList\",\"@id\":\"https:\/\/gynein.sk\/?page_id=108#breadcrumb\",\"itemListElement\":[{\"@type\":\"ListItem\",\"position\":1,\"name\":\"Home\",\"item\":\"https:\/\/gynein.sk\/\"},{\"@type\":\"ListItem\",\"position\":2,\"name\":\"Pred vstupom do ambulancie\"}]},{\"@type\":\"WebSite\",\"@id\":\"https:\/\/gynein.sk\/#website\",\"url\":\"https:\/\/gynein.sk\/\",\"name\":\"Gynein\",\"description\":\"Komplexn\u00e1 starostlivos\u0165 v \u0161pecializovan\u00fdch odboroch\",\"potentialAction\":[{\"@type\":\"SearchAction\",\"target\":{\"@type\":\"EntryPoint\",\"urlTemplate\":\"https:\/\/gynein.sk\/?s={search_term_string}\"},\"query-input\":\"required name=search_term_string\"}],\"inLanguage\":\"sk-SK\"}]}<\/script>\n<!-- \/ Yoast SEO plugin. -->","yoast_head_json":{"title":"Pred vstupom do ambulancie - Gynein","robots":{"index":"index","follow":"follow","max-snippet":"max-snippet:-1","max-image-preview":"max-image-preview:large","max-video-preview":"max-video-preview:-1"},"canonical":"https:\/\/gynein.sk\/?page_id=108","og_locale":"sk_SK","og_type":"article","og_title":"Pred vstupom do ambulancie - Gynein","og_description":"sa prezujte vypnite si mobiln\u00fd telef\u00f3n pripravte si preukaz poistenca pripravte si 1\u20ac za jednor\u00e1zov\u00fd materi\u00e1l \/pr\u00edp. 3\u20ac, ak ste objednan\u00e1 na presn\u00fd \u010das\/ premyslite si d\u00e1tum poslednej men\u0161tru\u00e1cie vymo\u010dte sa, pred vy\u0161etren\u00edm je vhodn\u00e9 ma\u0165 pr\u00e1zdny mo\u010dov\u00fd mech\u00far","og_url":"https:\/\/gynein.sk\/?page_id=108","og_site_name":"Gynein","article_modified_time":"2021-10-15T07:22:57+00:00","twitter_card":"summary_large_image","schema":{"@context":"https:\/\/schema.org","@graph":[{"@type":"WebPage","@id":"https:\/\/gynein.sk\/?page_id=108","url":"https:\/\/gynein.sk\/?page_id=108","name":"Pred vstupom do ambulancie - Gynein","isPartOf":{"@id":"https:\/\/gynein.sk\/#website"},"datePublished":"2021-10-14T08:02:33+00:00","dateModified":"2021-10-15T07:22:57+00:00","breadcrumb":{"@id":"https:\/\/gynein.sk\/?page_id=108#breadcrumb"},"inLanguage":"sk-SK","potentialAction":[{"@type":"ReadAction","target":["https:\/\/gynein.sk\/?page_id=108"]}]},{"@type":"BreadcrumbList","@id":"https:\/\/gynein.sk\/?page_id=108#breadcrumb","itemListElement":[{"@type":"ListItem","position":1,"name":"Home","item":"https:\/\/gynein.sk\/"},{"@type":"ListItem","position":2,"name":"Pred vstupom do ambulancie"}]},{"@type":"WebSite","@id":"https:\/\/gynein.sk\/#website","url":"https:\/\/gynein.sk\/","name":"Gynein","description":"Komplexn\u00e1 starostlivos\u0165 v \u0161pecializovan\u00fdch odboroch","potentialAction":[{"@type":"SearchAction","target":{"@type":"EntryPoint","urlTemplate":"https:\/\/gynein.sk\/?s={search_term_string}"},"query-input":"required name=search_term_string"}],"inLanguage":"sk-SK"}]}},"_links":{"self":[{"href":"https:\/\/gynein.sk\/index.php?rest_route=\/wp\/v2\/pages\/108"}],"collection":[{"href":"https:\/\/gynein.sk\/index.php?rest_route=\/wp\/v2\/pages"}],"about":[{"href":"https:\/\/gynein.sk\/index.php?rest_route=\/wp\/v2\/types\/page"}],"author":[{"embeddable":true,"href":"https:\/\/gynein.sk\/index.php?rest_route=\/wp\/v2\/users\/1"}],"replies":[{"embeddable":true,"href":"https:\/\/gynein.sk\/index.php?rest_route=%2Fwp%2Fv2%2Fcomments&post=108"}],"version-history":[{"count":3,"href":"https:\/\/gynein.sk\/index.php?rest_route=\/wp\/v2\/pages\/108\/revisions"}],"predecessor-version":[{"id":142,"href":"https:\/\/gynein.sk\/index.php?rest_route=\/wp\/v2\/pages\/108\/revisions\/142"}],"wp:attachment":[{"href":"https:\/\/gynein.sk\/index.php?rest_route=%2Fwp%2Fv2%2Fmedia&parent=108"}],"curies":[{"name":"wp","href":"https:\/\/api.w.org\/{rel}","templated":true}]}}