{"id":112,"date":"2021-10-14T10:03:15","date_gmt":"2021-10-14T08:03:15","guid":{"rendered":"https:\/\/www.gynein.sk\/?page_id=112"},"modified":"2021-10-15T09:20:19","modified_gmt":"2021-10-15T07:20:19","slug":"poradne","status":"publish","type":"page","link":"https:\/\/gynein.sk\/?page_id=112","title":{"rendered":"Poradne"},"content":{"rendered":"\n<ul class=\"wp-block-list\"><li>prenat\u00e1lne poradne u tehotn\u00fdch \u017eien sa vykon\u00e1vaj\u00fa raz mesa\u010dne, pr\u00edpadne pod\u013ea potreby \u010dastej\u0161ie. Zameran\u00e9 s\u00fa na sledovanie stavu matky a plodu.<\/li><li>porad\u0148a zah\u0155\u0148a <ul><li>vagin\u00e1lne vy\u0161etrenie<\/li><li>kontrolu tlaku, mo\u010du, hmotnosti<\/li><li>od 20. t\u00fd\u017ed\u0148a tehotnosti kontrola oziev plodu<\/li><li>od 30. t\u00fd\u017ed\u0148a tehotnosti vy\u0161etrenie placent\u00e1rnych prietokov<\/li><li>laborat\u00f3rne vy\u0161etrenia  &#8211; v prvom trimestri vy\u0161etrenie krvnej skupiny a Rh faktora, krvn\u00fd obraz, BWR (syfilis), HBsAg (hepatit\u00edda B), HIV, protil\u00e1tok proti toxoplazm\u00f3ze, biochemick\u00fdch parametrov a kultiva\u010dn\u00e9 vy\u0161etrenie mo\u010du<br>                                        &#8211; odber krvi na prenat\u00e1lny skr\u00edning vroden\u00fdch v\u00fdvojov\u00fdch ch\u00fdb v I. a II. trimestri (16. t\u00fd\u017ede\u0148 tehotnosti)<br>                                        &#8211; or\u00e1lny gluk\u00f3zov\u00fd test na vyh\u013ead\u00e1vanie cukrovky v tehotnosti (24. &#8211; 28. t\u00fd\u017ede\u0148)<br>                                        &#8211; v 32. t\u00fd\u017edni tehotnosti krvn\u00fd obraz <br>                                        &#8211; v 36. t\u00fd\u017edni tehotnosti krvn\u00fd obraz a ster z po\u0161vy na z\u00e1chyt beta hemolytick\u00e9ho streptokoka<\/li><\/ul><\/li><\/ul>\n","protected":false},"excerpt":{"rendered":"<p>prenat\u00e1lne poradne u tehotn\u00fdch \u017eien sa vykon\u00e1vaj\u00fa raz mesa\u010dne, pr\u00edpadne pod\u013ea potreby \u010dastej\u0161ie. Zameran\u00e9 s\u00fa na sledovanie stavu matky a plodu. porad\u0148a zah\u0155\u0148a vagin\u00e1lne vy\u0161etrenie kontrolu tlaku, mo\u010du, hmotnosti od 20. t\u00fd\u017ed\u0148a tehotnosti kontrola oziev plodu od 30. t\u00fd\u017ed\u0148a tehotnosti vy\u0161etrenie placent\u00e1rnych prietokov laborat\u00f3rne vy\u0161etrenia &#8211; v prvom trimestri vy\u0161etrenie krvnej skupiny a Rh faktora, [&hellip;]<\/p>\n","protected":false},"author":1,"featured_media":0,"parent":0,"menu_order":0,"comment_status":"closed","ping_status":"closed","template":"","meta":{"_monsterinsights_skip_tracking":false,"_monsterinsights_sitenote_active":false,"_monsterinsights_sitenote_note":"","_monsterinsights_sitenote_category":0,"footnotes":""},"class_list":["post-112","page","type-page","status-publish","hentry"],"yoast_head":"<!-- This site is optimized with the Yoast SEO plugin v23.2 - https:\/\/yoast.com\/wordpress\/plugins\/seo\/ -->\n<title>Poradne - Gynein<\/title>\n<meta name=\"robots\" content=\"index, follow, max-snippet:-1, max-image-preview:large, max-video-preview:-1\" \/>\n<link rel=\"canonical\" href=\"https:\/\/gynein.sk\/?page_id=112\" \/>\n<meta property=\"og:locale\" content=\"sk_SK\" \/>\n<meta property=\"og:type\" content=\"article\" \/>\n<meta property=\"og:title\" content=\"Poradne - Gynein\" \/>\n<meta property=\"og:description\" content=\"prenat\u00e1lne poradne u tehotn\u00fdch \u017eien sa vykon\u00e1vaj\u00fa raz mesa\u010dne, pr\u00edpadne pod\u013ea potreby \u010dastej\u0161ie. Zameran\u00e9 s\u00fa na sledovanie stavu matky a plodu. porad\u0148a zah\u0155\u0148a vagin\u00e1lne vy\u0161etrenie kontrolu tlaku, mo\u010du, hmotnosti od 20. t\u00fd\u017ed\u0148a tehotnosti kontrola oziev plodu od 30. t\u00fd\u017ed\u0148a tehotnosti vy\u0161etrenie placent\u00e1rnych prietokov laborat\u00f3rne vy\u0161etrenia &#8211; v prvom trimestri vy\u0161etrenie krvnej skupiny a Rh faktora, [&hellip;]\" \/>\n<meta property=\"og:url\" content=\"https:\/\/gynein.sk\/?page_id=112\" \/>\n<meta property=\"og:site_name\" content=\"Gynein\" \/>\n<meta property=\"article:modified_time\" content=\"2021-10-15T07:20:19+00:00\" \/>\n<meta name=\"twitter:card\" content=\"summary_large_image\" \/>\n<meta name=\"twitter:label1\" content=\"Predpokladan\u00fd \u010das \u010d\u00edtania\" \/>\n\t<meta name=\"twitter:data1\" content=\"1 min\u00fata\" \/>\n<script type=\"application\/ld+json\" class=\"yoast-schema-graph\">{\"@context\":\"https:\/\/schema.org\",\"@graph\":[{\"@type\":\"WebPage\",\"@id\":\"https:\/\/gynein.sk\/?page_id=112\",\"url\":\"https:\/\/gynein.sk\/?page_id=112\",\"name\":\"Poradne - Gynein\",\"isPartOf\":{\"@id\":\"https:\/\/gynein.sk\/#website\"},\"datePublished\":\"2021-10-14T08:03:15+00:00\",\"dateModified\":\"2021-10-15T07:20:19+00:00\",\"breadcrumb\":{\"@id\":\"https:\/\/gynein.sk\/?page_id=112#breadcrumb\"},\"inLanguage\":\"sk-SK\",\"potentialAction\":[{\"@type\":\"ReadAction\",\"target\":[\"https:\/\/gynein.sk\/?page_id=112\"]}]},{\"@type\":\"BreadcrumbList\",\"@id\":\"https:\/\/gynein.sk\/?page_id=112#breadcrumb\",\"itemListElement\":[{\"@type\":\"ListItem\",\"position\":1,\"name\":\"Home\",\"item\":\"https:\/\/gynein.sk\/\"},{\"@type\":\"ListItem\",\"position\":2,\"name\":\"Poradne\"}]},{\"@type\":\"WebSite\",\"@id\":\"https:\/\/gynein.sk\/#website\",\"url\":\"https:\/\/gynein.sk\/\",\"name\":\"Gynein\",\"description\":\"Komplexn\u00e1 starostlivos\u0165 v \u0161pecializovan\u00fdch odboroch\",\"potentialAction\":[{\"@type\":\"SearchAction\",\"target\":{\"@type\":\"EntryPoint\",\"urlTemplate\":\"https:\/\/gynein.sk\/?s={search_term_string}\"},\"query-input\":\"required name=search_term_string\"}],\"inLanguage\":\"sk-SK\"}]}<\/script>\n<!-- \/ Yoast SEO plugin. -->","yoast_head_json":{"title":"Poradne - Gynein","robots":{"index":"index","follow":"follow","max-snippet":"max-snippet:-1","max-image-preview":"max-image-preview:large","max-video-preview":"max-video-preview:-1"},"canonical":"https:\/\/gynein.sk\/?page_id=112","og_locale":"sk_SK","og_type":"article","og_title":"Poradne - Gynein","og_description":"prenat\u00e1lne poradne u tehotn\u00fdch \u017eien sa vykon\u00e1vaj\u00fa raz mesa\u010dne, pr\u00edpadne pod\u013ea potreby \u010dastej\u0161ie. Zameran\u00e9 s\u00fa na sledovanie stavu matky a plodu. porad\u0148a zah\u0155\u0148a vagin\u00e1lne vy\u0161etrenie kontrolu tlaku, mo\u010du, hmotnosti od 20. t\u00fd\u017ed\u0148a tehotnosti kontrola oziev plodu od 30. t\u00fd\u017ed\u0148a tehotnosti vy\u0161etrenie placent\u00e1rnych prietokov laborat\u00f3rne vy\u0161etrenia &#8211; v prvom trimestri vy\u0161etrenie krvnej skupiny a Rh faktora, [&hellip;]","og_url":"https:\/\/gynein.sk\/?page_id=112","og_site_name":"Gynein","article_modified_time":"2021-10-15T07:20:19+00:00","twitter_card":"summary_large_image","twitter_misc":{"Predpokladan\u00fd \u010das \u010d\u00edtania":"1 min\u00fata"},"schema":{"@context":"https:\/\/schema.org","@graph":[{"@type":"WebPage","@id":"https:\/\/gynein.sk\/?page_id=112","url":"https:\/\/gynein.sk\/?page_id=112","name":"Poradne - Gynein","isPartOf":{"@id":"https:\/\/gynein.sk\/#website"},"datePublished":"2021-10-14T08:03:15+00:00","dateModified":"2021-10-15T07:20:19+00:00","breadcrumb":{"@id":"https:\/\/gynein.sk\/?page_id=112#breadcrumb"},"inLanguage":"sk-SK","potentialAction":[{"@type":"ReadAction","target":["https:\/\/gynein.sk\/?page_id=112"]}]},{"@type":"BreadcrumbList","@id":"https:\/\/gynein.sk\/?page_id=112#breadcrumb","itemListElement":[{"@type":"ListItem","position":1,"name":"Home","item":"https:\/\/gynein.sk\/"},{"@type":"ListItem","position":2,"name":"Poradne"}]},{"@type":"WebSite","@id":"https:\/\/gynein.sk\/#website","url":"https:\/\/gynein.sk\/","name":"Gynein","description":"Komplexn\u00e1 starostlivos\u0165 v \u0161pecializovan\u00fdch odboroch","potentialAction":[{"@type":"SearchAction","target":{"@type":"EntryPoint","urlTemplate":"https:\/\/gynein.sk\/?s={search_term_string}"},"query-input":"required name=search_term_string"}],"inLanguage":"sk-SK"}]}},"_links":{"self":[{"href":"https:\/\/gynein.sk\/index.php?rest_route=\/wp\/v2\/pages\/112"}],"collection":[{"href":"https:\/\/gynein.sk\/index.php?rest_route=\/wp\/v2\/pages"}],"about":[{"href":"https:\/\/gynein.sk\/index.php?rest_route=\/wp\/v2\/types\/page"}],"author":[{"embeddable":true,"href":"https:\/\/gynein.sk\/index.php?rest_route=\/wp\/v2\/users\/1"}],"replies":[{"embeddable":true,"href":"https:\/\/gynein.sk\/index.php?rest_route=%2Fwp%2Fv2%2Fcomments&post=112"}],"version-history":[{"count":3,"href":"https:\/\/gynein.sk\/index.php?rest_route=\/wp\/v2\/pages\/112\/revisions"}],"predecessor-version":[{"id":139,"href":"https:\/\/gynein.sk\/index.php?rest_route=\/wp\/v2\/pages\/112\/revisions\/139"}],"wp:attachment":[{"href":"https:\/\/gynein.sk\/index.php?rest_route=%2Fwp%2Fv2%2Fmedia&parent=112"}],"curies":[{"name":"wp","href":"https:\/\/api.w.org\/{rel}","templated":true}]}}