{"id":114,"date":"2021-10-14T10:03:25","date_gmt":"2021-10-14T08:03:25","guid":{"rendered":"https:\/\/www.gynein.sk\/?page_id=114"},"modified":"2021-10-15T09:20:44","modified_gmt":"2021-10-15T07:20:44","slug":"3d-4d-ultrazvuk","status":"publish","type":"page","link":"https:\/\/gynein.sk\/?page_id=114","title":{"rendered":"3D, 4D ultrazvuk"},"content":{"rendered":"\n<ul class=\"wp-block-list\"><li>po\u010das gravidity je mo\u017en\u00e9 3D\/4D vy\u0161etrenie plodu<\/li><li>umo\u017e\u0148uje sledova\u0165 b\u00e1b\u00e4tko v maternici v re\u00e1lnom \u010dase a trojrozmernom priestore<\/li><li>optim\u00e1lne v 22.- 30. t\u00fd\u017edni tehotnosti<\/li><li>\u00faspech samotn\u00e9ho vy\u0161etrenia ve\u013emi z\u00e1vis\u00ed od aktu\u00e1lnej polohy b\u00e1b\u00e4tka a samotnej echogenity tehotnej (problematick\u00e9 s\u00fa pacientky s nadv\u00e1hou)<\/li><li>je mo\u017en\u00e9 vyhotovi\u0165 z\u00e1znam na DVD, USB alebo vyhotovenie fotky<\/li><li>je to nad\u0161tandardn\u00e9 vy\u0161etrenie, nie je hraden\u00e9 zdravotnou pois\u0165ov\u0148ou, preto ho vykon\u00e1vame vo vopred dohodnutom term\u00edne mimo term\u00ednu be\u017enej poradne<\/li><\/ul>\n","protected":false},"excerpt":{"rendered":"<p>po\u010das gravidity je mo\u017en\u00e9 3D\/4D vy\u0161etrenie plodu umo\u017e\u0148uje sledova\u0165 b\u00e1b\u00e4tko v maternici v re\u00e1lnom \u010dase a trojrozmernom priestore optim\u00e1lne v 22.- 30. t\u00fd\u017edni tehotnosti \u00faspech samotn\u00e9ho vy\u0161etrenia ve\u013emi z\u00e1vis\u00ed od aktu\u00e1lnej polohy b\u00e1b\u00e4tka a samotnej echogenity tehotnej (problematick\u00e9 s\u00fa pacientky s nadv\u00e1hou) je mo\u017en\u00e9 vyhotovi\u0165 z\u00e1znam na DVD, USB alebo vyhotovenie fotky je to nad\u0161tandardn\u00e9 [&hellip;]<\/p>\n","protected":false},"author":1,"featured_media":0,"parent":0,"menu_order":0,"comment_status":"closed","ping_status":"closed","template":"","meta":{"_monsterinsights_skip_tracking":false,"_monsterinsights_sitenote_active":false,"_monsterinsights_sitenote_note":"","_monsterinsights_sitenote_category":0,"footnotes":""},"class_list":["post-114","page","type-page","status-publish","hentry"],"yoast_head":"<!-- This site is optimized with the Yoast SEO plugin v23.2 - https:\/\/yoast.com\/wordpress\/plugins\/seo\/ -->\n<title>3D, 4D ultrazvuk - Gynein<\/title>\n<meta name=\"robots\" content=\"index, follow, max-snippet:-1, max-image-preview:large, max-video-preview:-1\" \/>\n<link rel=\"canonical\" href=\"https:\/\/gynein.sk\/?page_id=114\" \/>\n<meta property=\"og:locale\" content=\"sk_SK\" \/>\n<meta property=\"og:type\" content=\"article\" \/>\n<meta property=\"og:title\" content=\"3D, 4D ultrazvuk - Gynein\" \/>\n<meta property=\"og:description\" content=\"po\u010das gravidity je mo\u017en\u00e9 3D\/4D vy\u0161etrenie plodu umo\u017e\u0148uje sledova\u0165 b\u00e1b\u00e4tko v maternici v re\u00e1lnom \u010dase a trojrozmernom priestore optim\u00e1lne v 22.- 30. t\u00fd\u017edni tehotnosti \u00faspech samotn\u00e9ho vy\u0161etrenia ve\u013emi z\u00e1vis\u00ed od aktu\u00e1lnej polohy b\u00e1b\u00e4tka a samotnej echogenity tehotnej (problematick\u00e9 s\u00fa pacientky s nadv\u00e1hou) je mo\u017en\u00e9 vyhotovi\u0165 z\u00e1znam na DVD, USB alebo vyhotovenie fotky je to nad\u0161tandardn\u00e9 [&hellip;]\" \/>\n<meta property=\"og:url\" content=\"https:\/\/gynein.sk\/?page_id=114\" \/>\n<meta property=\"og:site_name\" content=\"Gynein\" \/>\n<meta property=\"article:modified_time\" content=\"2021-10-15T07:20:44+00:00\" \/>\n<meta name=\"twitter:card\" content=\"summary_large_image\" \/>\n<script type=\"application\/ld+json\" class=\"yoast-schema-graph\">{\"@context\":\"https:\/\/schema.org\",\"@graph\":[{\"@type\":\"WebPage\",\"@id\":\"https:\/\/gynein.sk\/?page_id=114\",\"url\":\"https:\/\/gynein.sk\/?page_id=114\",\"name\":\"3D, 4D ultrazvuk - Gynein\",\"isPartOf\":{\"@id\":\"https:\/\/gynein.sk\/#website\"},\"datePublished\":\"2021-10-14T08:03:25+00:00\",\"dateModified\":\"2021-10-15T07:20:44+00:00\",\"breadcrumb\":{\"@id\":\"https:\/\/gynein.sk\/?page_id=114#breadcrumb\"},\"inLanguage\":\"sk-SK\",\"potentialAction\":[{\"@type\":\"ReadAction\",\"target\":[\"https:\/\/gynein.sk\/?page_id=114\"]}]},{\"@type\":\"BreadcrumbList\",\"@id\":\"https:\/\/gynein.sk\/?page_id=114#breadcrumb\",\"itemListElement\":[{\"@type\":\"ListItem\",\"position\":1,\"name\":\"Home\",\"item\":\"https:\/\/gynein.sk\/\"},{\"@type\":\"ListItem\",\"position\":2,\"name\":\"3D, 4D ultrazvuk\"}]},{\"@type\":\"WebSite\",\"@id\":\"https:\/\/gynein.sk\/#website\",\"url\":\"https:\/\/gynein.sk\/\",\"name\":\"Gynein\",\"description\":\"Komplexn\u00e1 starostlivos\u0165 v \u0161pecializovan\u00fdch odboroch\",\"potentialAction\":[{\"@type\":\"SearchAction\",\"target\":{\"@type\":\"EntryPoint\",\"urlTemplate\":\"https:\/\/gynein.sk\/?s={search_term_string}\"},\"query-input\":\"required name=search_term_string\"}],\"inLanguage\":\"sk-SK\"}]}<\/script>\n<!-- \/ Yoast SEO plugin. -->","yoast_head_json":{"title":"3D, 4D ultrazvuk - Gynein","robots":{"index":"index","follow":"follow","max-snippet":"max-snippet:-1","max-image-preview":"max-image-preview:large","max-video-preview":"max-video-preview:-1"},"canonical":"https:\/\/gynein.sk\/?page_id=114","og_locale":"sk_SK","og_type":"article","og_title":"3D, 4D ultrazvuk - Gynein","og_description":"po\u010das gravidity je mo\u017en\u00e9 3D\/4D vy\u0161etrenie plodu umo\u017e\u0148uje sledova\u0165 b\u00e1b\u00e4tko v maternici v re\u00e1lnom \u010dase a trojrozmernom priestore optim\u00e1lne v 22.- 30. t\u00fd\u017edni tehotnosti \u00faspech samotn\u00e9ho vy\u0161etrenia ve\u013emi z\u00e1vis\u00ed od aktu\u00e1lnej polohy b\u00e1b\u00e4tka a samotnej echogenity tehotnej (problematick\u00e9 s\u00fa pacientky s nadv\u00e1hou) je mo\u017en\u00e9 vyhotovi\u0165 z\u00e1znam na DVD, USB alebo vyhotovenie fotky je to nad\u0161tandardn\u00e9 [&hellip;]","og_url":"https:\/\/gynein.sk\/?page_id=114","og_site_name":"Gynein","article_modified_time":"2021-10-15T07:20:44+00:00","twitter_card":"summary_large_image","schema":{"@context":"https:\/\/schema.org","@graph":[{"@type":"WebPage","@id":"https:\/\/gynein.sk\/?page_id=114","url":"https:\/\/gynein.sk\/?page_id=114","name":"3D, 4D ultrazvuk - Gynein","isPartOf":{"@id":"https:\/\/gynein.sk\/#website"},"datePublished":"2021-10-14T08:03:25+00:00","dateModified":"2021-10-15T07:20:44+00:00","breadcrumb":{"@id":"https:\/\/gynein.sk\/?page_id=114#breadcrumb"},"inLanguage":"sk-SK","potentialAction":[{"@type":"ReadAction","target":["https:\/\/gynein.sk\/?page_id=114"]}]},{"@type":"BreadcrumbList","@id":"https:\/\/gynein.sk\/?page_id=114#breadcrumb","itemListElement":[{"@type":"ListItem","position":1,"name":"Home","item":"https:\/\/gynein.sk\/"},{"@type":"ListItem","position":2,"name":"3D, 4D ultrazvuk"}]},{"@type":"WebSite","@id":"https:\/\/gynein.sk\/#website","url":"https:\/\/gynein.sk\/","name":"Gynein","description":"Komplexn\u00e1 starostlivos\u0165 v \u0161pecializovan\u00fdch odboroch","potentialAction":[{"@type":"SearchAction","target":{"@type":"EntryPoint","urlTemplate":"https:\/\/gynein.sk\/?s={search_term_string}"},"query-input":"required name=search_term_string"}],"inLanguage":"sk-SK"}]}},"_links":{"self":[{"href":"https:\/\/gynein.sk\/index.php?rest_route=\/wp\/v2\/pages\/114"}],"collection":[{"href":"https:\/\/gynein.sk\/index.php?rest_route=\/wp\/v2\/pages"}],"about":[{"href":"https:\/\/gynein.sk\/index.php?rest_route=\/wp\/v2\/types\/page"}],"author":[{"embeddable":true,"href":"https:\/\/gynein.sk\/index.php?rest_route=\/wp\/v2\/users\/1"}],"replies":[{"embeddable":true,"href":"https:\/\/gynein.sk\/index.php?rest_route=%2Fwp%2Fv2%2Fcomments&post=114"}],"version-history":[{"count":2,"href":"https:\/\/gynein.sk\/index.php?rest_route=\/wp\/v2\/pages\/114\/revisions"}],"predecessor-version":[{"id":140,"href":"https:\/\/gynein.sk\/index.php?rest_route=\/wp\/v2\/pages\/114\/revisions\/140"}],"wp:attachment":[{"href":"https:\/\/gynein.sk\/index.php?rest_route=%2Fwp%2Fv2%2Fmedia&parent=114"}],"curies":[{"name":"wp","href":"https:\/\/api.w.org\/{rel}","templated":true}]}}