{"id":2,"date":"2021-10-01T11:12:00","date_gmt":"2021-10-01T09:12:00","guid":{"rendered":"https:\/\/www.gynein.sk\/?page_id=2"},"modified":"2025-07-27T19:27:18","modified_gmt":"2025-07-27T17:27:18","slug":"ukazka-strany","status":"publish","type":"page","link":"https:\/\/gynein.sk\/","title":{"rendered":"\u00davod"},"content":{"rendered":"\n<ul class=\"wp-block-list\">\n<li>sme ne\u0161t\u00e1tna gynekologick\u00e1 ambulancia<\/li>\n\n\n\n<li>poskytujeme zdravotn\u00fa starostlivos\u0165 v odbore &#8211; gynekol\u00f3gia a p\u00f4rodn\u00edctvo, ultrazvuk v gynekol\u00f3gii a p\u00f4rodn\u00edctve  <\/li>\n\n\n\n<li>v ambulancii sa o V\u00e1s star\u00e1 MUDr. Ba\u0161kov\u00e1 Andrea- lek\u00e1r   Mgr. Zuzana \u013dubov\u00e1- zdravotn\u00e1 sestra<\/li>\n\n\n\n<li>na na\u0161ej ambulancii pracujeme v pr\u00edjemnom prostred\u00ed, s modern\u00fdm technick\u00fdm vybaven\u00edm a riadime sa najnov\u0161\u00edmi lek\u00e1rskymi a lie\u010debn\u00fdmi postupmi<\/li>\n<\/ul>\n\n\n\n<p><\/p>\n\n\n\n<p class=\"has-medium-font-size\">Oznamy<\/p>\n\n\n\n<p class=\"has-text-align-center\"><\/p>\n\n\n<p><!--EndFragment--><\/p>\n\n\n<p class=\"has-medium-font-size\"><\/p>\n","protected":false},"excerpt":{"rendered":"<p>Oznamy<\/p>\n","protected":false},"author":1,"featured_media":0,"parent":0,"menu_order":0,"comment_status":"closed","ping_status":"closed","template":"","meta":{"_monsterinsights_skip_tracking":false,"_monsterinsights_sitenote_active":false,"_monsterinsights_sitenote_note":"","_monsterinsights_sitenote_category":0,"footnotes":""},"class_list":["post-2","page","type-page","status-publish","hentry"],"yoast_head":"<!-- This site is optimized with the Yoast SEO plugin v23.2 - https:\/\/yoast.com\/wordpress\/plugins\/seo\/ -->\n<title>\u00davod - Gynein<\/title>\n<meta name=\"robots\" content=\"index, follow, max-snippet:-1, max-image-preview:large, max-video-preview:-1\" \/>\n<link rel=\"canonical\" href=\"https:\/\/gynein.sk\/\" \/>\n<meta property=\"og:locale\" content=\"sk_SK\" \/>\n<meta property=\"og:type\" content=\"article\" \/>\n<meta property=\"og:title\" content=\"\u00davod - Gynein\" \/>\n<meta property=\"og:description\" content=\"Oznamy\" \/>\n<meta property=\"og:url\" content=\"https:\/\/gynein.sk\/\" \/>\n<meta property=\"og:site_name\" content=\"Gynein\" \/>\n<meta property=\"article:modified_time\" content=\"2025-07-27T17:27:18+00:00\" \/>\n<meta name=\"twitter:card\" content=\"summary_large_image\" \/>\n<meta name=\"twitter:label1\" content=\"Predpokladan\u00fd \u010das \u010d\u00edtania\" \/>\n\t<meta name=\"twitter:data1\" content=\"1 min\u00fata\" \/>\n<script type=\"application\/ld+json\" class=\"yoast-schema-graph\">{\"@context\":\"https:\/\/schema.org\",\"@graph\":[{\"@type\":\"WebPage\",\"@id\":\"https:\/\/gynein.sk\/\",\"url\":\"https:\/\/gynein.sk\/\",\"name\":\"\u00davod - Gynein\",\"isPartOf\":{\"@id\":\"https:\/\/gynein.sk\/#website\"},\"datePublished\":\"2021-10-01T09:12:00+00:00\",\"dateModified\":\"2025-07-27T17:27:18+00:00\",\"breadcrumb\":{\"@id\":\"https:\/\/gynein.sk\/#breadcrumb\"},\"inLanguage\":\"sk-SK\",\"potentialAction\":[{\"@type\":\"ReadAction\",\"target\":[\"https:\/\/gynein.sk\/\"]}]},{\"@type\":\"BreadcrumbList\",\"@id\":\"https:\/\/gynein.sk\/#breadcrumb\",\"itemListElement\":[{\"@type\":\"ListItem\",\"position\":1,\"name\":\"Home\",\"item\":\"https:\/\/gynein.sk\/\"},{\"@type\":\"ListItem\",\"position\":2,\"name\":\"\u00davod\"}]},{\"@type\":\"WebSite\",\"@id\":\"https:\/\/gynein.sk\/#website\",\"url\":\"https:\/\/gynein.sk\/\",\"name\":\"Gynein\",\"description\":\"Komplexn\u00e1 starostlivos\u0165 v \u0161pecializovan\u00fdch odboroch\",\"potentialAction\":[{\"@type\":\"SearchAction\",\"target\":{\"@type\":\"EntryPoint\",\"urlTemplate\":\"https:\/\/gynein.sk\/?s={search_term_string}\"},\"query-input\":\"required name=search_term_string\"}],\"inLanguage\":\"sk-SK\"}]}<\/script>\n<!-- \/ Yoast SEO plugin. -->","yoast_head_json":{"title":"\u00davod - Gynein","robots":{"index":"index","follow":"follow","max-snippet":"max-snippet:-1","max-image-preview":"max-image-preview:large","max-video-preview":"max-video-preview:-1"},"canonical":"https:\/\/gynein.sk\/","og_locale":"sk_SK","og_type":"article","og_title":"\u00davod - Gynein","og_description":"Oznamy","og_url":"https:\/\/gynein.sk\/","og_site_name":"Gynein","article_modified_time":"2025-07-27T17:27:18+00:00","twitter_card":"summary_large_image","twitter_misc":{"Predpokladan\u00fd \u010das \u010d\u00edtania":"1 min\u00fata"},"schema":{"@context":"https:\/\/schema.org","@graph":[{"@type":"WebPage","@id":"https:\/\/gynein.sk\/","url":"https:\/\/gynein.sk\/","name":"\u00davod - Gynein","isPartOf":{"@id":"https:\/\/gynein.sk\/#website"},"datePublished":"2021-10-01T09:12:00+00:00","dateModified":"2025-07-27T17:27:18+00:00","breadcrumb":{"@id":"https:\/\/gynein.sk\/#breadcrumb"},"inLanguage":"sk-SK","potentialAction":[{"@type":"ReadAction","target":["https:\/\/gynein.sk\/"]}]},{"@type":"BreadcrumbList","@id":"https:\/\/gynein.sk\/#breadcrumb","itemListElement":[{"@type":"ListItem","position":1,"name":"Home","item":"https:\/\/gynein.sk\/"},{"@type":"ListItem","position":2,"name":"\u00davod"}]},{"@type":"WebSite","@id":"https:\/\/gynein.sk\/#website","url":"https:\/\/gynein.sk\/","name":"Gynein","description":"Komplexn\u00e1 starostlivos\u0165 v \u0161pecializovan\u00fdch odboroch","potentialAction":[{"@type":"SearchAction","target":{"@type":"EntryPoint","urlTemplate":"https:\/\/gynein.sk\/?s={search_term_string}"},"query-input":"required name=search_term_string"}],"inLanguage":"sk-SK"}]}},"_links":{"self":[{"href":"https:\/\/gynein.sk\/index.php?rest_route=\/wp\/v2\/pages\/2"}],"collection":[{"href":"https:\/\/gynein.sk\/index.php?rest_route=\/wp\/v2\/pages"}],"about":[{"href":"https:\/\/gynein.sk\/index.php?rest_route=\/wp\/v2\/types\/page"}],"author":[{"embeddable":true,"href":"https:\/\/gynein.sk\/index.php?rest_route=\/wp\/v2\/users\/1"}],"replies":[{"embeddable":true,"href":"https:\/\/gynein.sk\/index.php?rest_route=%2Fwp%2Fv2%2Fcomments&post=2"}],"version-history":[{"count":6,"href":"https:\/\/gynein.sk\/index.php?rest_route=\/wp\/v2\/pages\/2\/revisions"}],"predecessor-version":[{"id":267,"href":"https:\/\/gynein.sk\/index.php?rest_route=\/wp\/v2\/pages\/2\/revisions\/267"}],"wp:attachment":[{"href":"https:\/\/gynein.sk\/index.php?rest_route=%2Fwp%2Fv2%2Fmedia&parent=2"}],"curies":[{"name":"wp","href":"https:\/\/api.w.org\/{rel}","templated":true}]}}