{"id":66,"date":"2021-10-14T09:51:00","date_gmt":"2021-10-14T07:51:00","guid":{"rendered":"https:\/\/www.gynein.sk\/?page_id=66"},"modified":"2023-03-24T11:12:06","modified_gmt":"2023-03-24T10:12:06","slug":"ordinacne-hodiny","status":"publish","type":"page","link":"https:\/\/gynein.sk\/?page_id=66","title":{"rendered":"Ordina\u010dn\u00e9 hodiny"},"content":{"rendered":"\n<figure class=\"wp-block-table\"><table class=\"\"><tbody><tr><td>pondelok\n\t\t<\/td><td>7,00\n\t\t\t\u2013 12,00\n\t\t<\/td><td>12,30\n\t\t\t\u2013 14,30\n\t\t<\/td><\/tr><tr><td>utorok\n\t\t<\/td><td>8,00\n\t\t\t\u2013 12,00\n\t\t<\/td><td>12,30\n\t\t\t\u2013 16,00\n\t\t<\/td><\/tr><tr><td>streda\n\t\t<\/td><td>7,00\n\t\t\t\u2013 12,00\n\t\t<\/td><td>12,30\n\t\t\t\u2013 14,30\n\t\t<\/td><\/tr><tr><td>\u0161tvrtok\n\t\t<\/td><td>7,00\n\t\t\t\u2013 12,00\n\t\t<\/td><td>12,30\n\t\t\t\u2013 14,30\n\t\t<\/td><\/tr><tr><td>piatok<\/td><td>7,00\n\t\t\t\u2013 12,00\n\t\t<\/td><td><br>\n\n\t\t\t\n\t\t<\/td><\/tr><\/tbody><\/table><\/figure>\n\n\n\n<p><\/p>\n\n\n\n<p><strong>Organiz\u00e1cia pr\u00e1ce na ambulancii<\/strong><\/p>\n\n\n\n<p>\n&#8211;\npondelok, streda, \u0161tvrtok<\/p>\n\n\n\n<figure class=\"wp-block-table\"><table class=\"\"><tbody><tr><td>\n\t\t\t7,00\n\t\t\t\u2013 7,30\n\t\t<\/td><td> 7,30 \u2013 09,00 <\/td><td>\n\t\t\t10,00\n\t\t\t\u2013 12,00\n\t\t<\/td><td>\n\t\t\t12,00\n\t\t\t\u2013 12,30\n\t\t<\/td><td>\n\t\t\t12,30\n\t\t\t\u2013 14,00\n\t\t<\/td><td>\n\t\t\t14,00\n\t\t\t\u2013 14,30\n\t\t<\/td><\/tr><tr><td>\n\t\t\tpr\u00edprava\n\t\t\tambulancie\n\t\t<\/td><td>\n\t\t\tvy\u0161etrenia\n\t\t\t\u2013 ak\u00fatne stavy, poradne\n\t\t<\/td><td>\n\t\t\tobjednan\u00e9\n\t\t\tpacientky\n\t\t<\/td><td>\n\t\t\tobedn\u00e1\n\t\t\tprest\u00e1vka\n\t\t<\/td><td>\n\t\t\tobjednan\u00e9\n\t\t\tpacientky\n\t\t<\/td><td>\n\t\t\tdezinfekcia\n\t\t\tambulancie, steriliz\u00e1cia,  administrat\u00edva\n\t\t<\/td><\/tr><\/tbody><\/table><\/figure>\n\n\n\n<p>\n&#8211;\nutorok<\/p>\n\n\n\n<figure class=\"wp-block-table\"><table class=\"\"><tbody><tr><td>\n\t\t\t7,30\n\t\t\t\u2013 8,00\n\t\t<\/td><td> 8,00 \u2013 09,30 <\/td><td>\n\t\t\t10,00\n\t\t\t\u2013 12,00\n\t\t<\/td><td>\n\t\t\t12,00\n\t\t\t\u2013 12,30\n\t\t<\/td><td>\n\t\t\t12,30\n\t\t\t\u2013 15,00\n\t\t<\/td><td>\n\t\t\t15,00\n\t\t\t\u2013 16,00\n\t\t<\/td><\/tr><tr><td>\n\t\t\tpr\u00edprava\n\t\t\tambulancie\n\t\t<\/td><td>\n\t\t\tvy\u0161etrenia\n\t\t\t\u2013 ak\u00fatne stavy, poradne\n\t\t<\/td><td>\n\t\t\tobjednan\u00e9\n\t\t\tpacientky\n\t\t<\/td><td>\n\t\t\tobedn\u00e1\n\t\t\tprest\u00e1vka\n\t\t<\/td><td>\n\t\t\tobjednan\u00e9\n\t\t\tpacientky\n\t\t<\/td><td>\n\t\t\tdezinfekcia\n\t\t\tambulancie, steriliz\u00e1cia,  administrat\u00edva\n\t\t<\/td><\/tr><\/tbody><\/table><\/figure>\n\n\n\n<p>&#8211;\npiatok<\/p>\n\n\n\n<figure class=\"wp-block-table\"><table class=\"\"><tbody><tr><td>\n\t\t\t7,00\n\t\t\t\u2013 7,30\n\t\t<\/td><td> 7,30 \u2013 10,00 <\/td><td>\n\t\t\t11,00\n\t\t\t\u2013 12,00\n\t\t<\/td><\/tr><tr><td>\n\t\t\tpr\u00edprava\n\t\t\tambulancie\n\t\t<\/td><td> vy\u0161etrenia \u2013 ak\u00fatne stavy, poradne , objednan\u00e9 pacientky<\/td><td>\n\t\t\tdezinfekcia\n\t\t\tambulancie, steriliz\u00e1cia,  administrat\u00edva\n\t\t<\/td><\/tr><\/tbody><\/table><\/figure>\n\n\n\n<p>na\npl\u00e1novan\u00fd odber krvi sa dostavte do 8,00 hod.<\/p>\n","protected":false},"excerpt":{"rendered":"<p>pondelok 7,00 \u2013 12,00 12,30 \u2013 14,30 utorok 8,00 \u2013 12,00 12,30 \u2013 16,00 streda 7,00 \u2013 12,00 12,30 \u2013 14,30 \u0161tvrtok 7,00 \u2013 12,00 12,30 \u2013 14,30 piatok 7,00 \u2013 12,00 Organiz\u00e1cia pr\u00e1ce na ambulancii &#8211; pondelok, streda, \u0161tvrtok 7,00 \u2013 7,30 7,30 \u2013 09,00 10,00 \u2013 12,00 12,00 \u2013 12,30 12,30 \u2013 14,00 [&hellip;]<\/p>\n","protected":false},"author":1,"featured_media":0,"parent":0,"menu_order":2,"comment_status":"closed","ping_status":"closed","template":"","meta":{"_monsterinsights_skip_tracking":false,"_monsterinsights_sitenote_active":false,"_monsterinsights_sitenote_note":"","_monsterinsights_sitenote_category":0,"footnotes":""},"class_list":["post-66","page","type-page","status-publish","hentry"],"yoast_head":"<!-- This site is optimized with the Yoast SEO plugin v23.2 - https:\/\/yoast.com\/wordpress\/plugins\/seo\/ -->\n<title>Ordina\u010dn\u00e9 hodiny - Gynein<\/title>\n<meta name=\"robots\" content=\"index, follow, max-snippet:-1, max-image-preview:large, max-video-preview:-1\" \/>\n<link rel=\"canonical\" href=\"https:\/\/gynein.sk\/?page_id=66\" \/>\n<meta property=\"og:locale\" content=\"sk_SK\" \/>\n<meta property=\"og:type\" content=\"article\" \/>\n<meta property=\"og:title\" content=\"Ordina\u010dn\u00e9 hodiny - Gynein\" \/>\n<meta property=\"og:description\" content=\"pondelok 7,00 \u2013 12,00 12,30 \u2013 14,30 utorok 8,00 \u2013 12,00 12,30 \u2013 16,00 streda 7,00 \u2013 12,00 12,30 \u2013 14,30 \u0161tvrtok 7,00 \u2013 12,00 12,30 \u2013 14,30 piatok 7,00 \u2013 12,00 Organiz\u00e1cia pr\u00e1ce na ambulancii &#8211; pondelok, streda, \u0161tvrtok 7,00 \u2013 7,30 7,30 \u2013 09,00 10,00 \u2013 12,00 12,00 \u2013 12,30 12,30 \u2013 14,00 [&hellip;]\" \/>\n<meta property=\"og:url\" content=\"https:\/\/gynein.sk\/?page_id=66\" \/>\n<meta property=\"og:site_name\" content=\"Gynein\" \/>\n<meta property=\"article:modified_time\" content=\"2023-03-24T10:12:06+00:00\" \/>\n<meta name=\"twitter:card\" content=\"summary_large_image\" \/>\n<script type=\"application\/ld+json\" class=\"yoast-schema-graph\">{\"@context\":\"https:\/\/schema.org\",\"@graph\":[{\"@type\":\"WebPage\",\"@id\":\"https:\/\/gynein.sk\/?page_id=66\",\"url\":\"https:\/\/gynein.sk\/?page_id=66\",\"name\":\"Ordina\u010dn\u00e9 hodiny - Gynein\",\"isPartOf\":{\"@id\":\"https:\/\/gynein.sk\/#website\"},\"datePublished\":\"2021-10-14T07:51:00+00:00\",\"dateModified\":\"2023-03-24T10:12:06+00:00\",\"breadcrumb\":{\"@id\":\"https:\/\/gynein.sk\/?page_id=66#breadcrumb\"},\"inLanguage\":\"sk-SK\",\"potentialAction\":[{\"@type\":\"ReadAction\",\"target\":[\"https:\/\/gynein.sk\/?page_id=66\"]}]},{\"@type\":\"BreadcrumbList\",\"@id\":\"https:\/\/gynein.sk\/?page_id=66#breadcrumb\",\"itemListElement\":[{\"@type\":\"ListItem\",\"position\":1,\"name\":\"Home\",\"item\":\"https:\/\/gynein.sk\/\"},{\"@type\":\"ListItem\",\"position\":2,\"name\":\"Ordina\u010dn\u00e9 hodiny\"}]},{\"@type\":\"WebSite\",\"@id\":\"https:\/\/gynein.sk\/#website\",\"url\":\"https:\/\/gynein.sk\/\",\"name\":\"Gynein\",\"description\":\"Komplexn\u00e1 starostlivos\u0165 v \u0161pecializovan\u00fdch odboroch\",\"potentialAction\":[{\"@type\":\"SearchAction\",\"target\":{\"@type\":\"EntryPoint\",\"urlTemplate\":\"https:\/\/gynein.sk\/?s={search_term_string}\"},\"query-input\":\"required name=search_term_string\"}],\"inLanguage\":\"sk-SK\"}]}<\/script>\n<!-- \/ Yoast SEO plugin. -->","yoast_head_json":{"title":"Ordina\u010dn\u00e9 hodiny - Gynein","robots":{"index":"index","follow":"follow","max-snippet":"max-snippet:-1","max-image-preview":"max-image-preview:large","max-video-preview":"max-video-preview:-1"},"canonical":"https:\/\/gynein.sk\/?page_id=66","og_locale":"sk_SK","og_type":"article","og_title":"Ordina\u010dn\u00e9 hodiny - Gynein","og_description":"pondelok 7,00 \u2013 12,00 12,30 \u2013 14,30 utorok 8,00 \u2013 12,00 12,30 \u2013 16,00 streda 7,00 \u2013 12,00 12,30 \u2013 14,30 \u0161tvrtok 7,00 \u2013 12,00 12,30 \u2013 14,30 piatok 7,00 \u2013 12,00 Organiz\u00e1cia pr\u00e1ce na ambulancii &#8211; pondelok, streda, \u0161tvrtok 7,00 \u2013 7,30 7,30 \u2013 09,00 10,00 \u2013 12,00 12,00 \u2013 12,30 12,30 \u2013 14,00 [&hellip;]","og_url":"https:\/\/gynein.sk\/?page_id=66","og_site_name":"Gynein","article_modified_time":"2023-03-24T10:12:06+00:00","twitter_card":"summary_large_image","schema":{"@context":"https:\/\/schema.org","@graph":[{"@type":"WebPage","@id":"https:\/\/gynein.sk\/?page_id=66","url":"https:\/\/gynein.sk\/?page_id=66","name":"Ordina\u010dn\u00e9 hodiny - Gynein","isPartOf":{"@id":"https:\/\/gynein.sk\/#website"},"datePublished":"2021-10-14T07:51:00+00:00","dateModified":"2023-03-24T10:12:06+00:00","breadcrumb":{"@id":"https:\/\/gynein.sk\/?page_id=66#breadcrumb"},"inLanguage":"sk-SK","potentialAction":[{"@type":"ReadAction","target":["https:\/\/gynein.sk\/?page_id=66"]}]},{"@type":"BreadcrumbList","@id":"https:\/\/gynein.sk\/?page_id=66#breadcrumb","itemListElement":[{"@type":"ListItem","position":1,"name":"Home","item":"https:\/\/gynein.sk\/"},{"@type":"ListItem","position":2,"name":"Ordina\u010dn\u00e9 hodiny"}]},{"@type":"WebSite","@id":"https:\/\/gynein.sk\/#website","url":"https:\/\/gynein.sk\/","name":"Gynein","description":"Komplexn\u00e1 starostlivos\u0165 v \u0161pecializovan\u00fdch odboroch","potentialAction":[{"@type":"SearchAction","target":{"@type":"EntryPoint","urlTemplate":"https:\/\/gynein.sk\/?s={search_term_string}"},"query-input":"required name=search_term_string"}],"inLanguage":"sk-SK"}]}},"_links":{"self":[{"href":"https:\/\/gynein.sk\/index.php?rest_route=\/wp\/v2\/pages\/66"}],"collection":[{"href":"https:\/\/gynein.sk\/index.php?rest_route=\/wp\/v2\/pages"}],"about":[{"href":"https:\/\/gynein.sk\/index.php?rest_route=\/wp\/v2\/types\/page"}],"author":[{"embeddable":true,"href":"https:\/\/gynein.sk\/index.php?rest_route=\/wp\/v2\/users\/1"}],"replies":[{"embeddable":true,"href":"https:\/\/gynein.sk\/index.php?rest_route=%2Fwp%2Fv2%2Fcomments&post=66"}],"version-history":[{"count":4,"href":"https:\/\/gynein.sk\/index.php?rest_route=\/wp\/v2\/pages\/66\/revisions"}],"predecessor-version":[{"id":184,"href":"https:\/\/gynein.sk\/index.php?rest_route=\/wp\/v2\/pages\/66\/revisions\/184"}],"wp:attachment":[{"href":"https:\/\/gynein.sk\/index.php?rest_route=%2Fwp%2Fv2%2Fmedia&parent=66"}],"curies":[{"name":"wp","href":"https:\/\/api.w.org\/{rel}","templated":true}]}}