{"id":86,"date":"2021-10-14T09:57:36","date_gmt":"2021-10-14T07:57:36","guid":{"rendered":"https:\/\/www.gynein.sk\/?page_id=86"},"modified":"2021-10-15T09:09:08","modified_gmt":"2021-10-15T07:09:08","slug":"gynekologia","status":"publish","type":"page","link":"https:\/\/gynein.sk\/?page_id=86","title":{"rendered":"Gynekol\u00f3gia"},"content":{"rendered":"\n<ul class=\"wp-block-list\"><li>prevent\u00edvne gynekologick\u00e9 prehliadky<\/li><li>diagnostika, lie\u010dba a management gynekologick\u00fdch ochoren\u00ed<\/li><li>cytologick\u00e9 vy\u0161etrenie kr\u010dka maternice, vr\u00e1tane mo\u017enosti odberu met\u00f3dou LBC (liquid based cytol\u00f3gia)<\/li><li>kolposkopia <\/li><li>vy\u0161etrenie HPV (hum\u00e1nny papillomav\u00edrus)<\/li><li>o\u010dkovanie proti rakovine kr\u010dka maternice a genit\u00e1lnym bradaviciam<\/li><li>ultrazvukov\u00e9 gynekologick\u00e9 vy\u0161etrenie, farebn\u00e9ho dopplerovsk\u00e9 vy\u0161etrenie<\/li><li>antikoncep\u010dn\u00e1 porad\u0148a + management u\u017e\u00edvateliek hormon\u00e1lnej antikoncepcie<\/li><li>zav\u00e1dzanie a vyberanie vn\u00fatromaternicov\u00fdch teliesok<\/li><li>porad\u0148a pre \u017eeny v klimakt\u00e9riu vr\u00e1tne lie\u010dby pr\u00edznakov prechodu<\/li><li>diagnostika a lie\u010dba infek\u010dn\u00fdch gynekologick\u00fdch ochoren\u00ed <\/li><li>odbery na sexu\u00e1lne prenosn\u00e9 ochorenia \u2013 chlamydie, mycoplazmy, ureaplazmy, neisserie, trichomon\u00e1dy, gardnerella vaginalis a in\u00e9)<\/li><li>urogynekologick\u00e1 porad\u0148a (poradenstvo, lie\u010dba a management pre \u017eeny s \u00fanikom mo\u010du)<\/li><li>diagnostika a lie\u010dba \u017eenskej neplodnosti (folikulometria, vy\u0161etrenie hormon\u00e1lneho profilu, vr\u00e1tane AMH (marker ovari\u00e1lnej rezervy)<\/li><li>laborat\u00f3rna diagnostika, vy\u0161etrenia onkomarkerov, hormon\u00e1lny profil, CRP a in\u00e9<\/li><li>exc\u00edzie (odobratie vzorky na histologick\u00e9 vy\u0161etrenie)<\/li><\/ul>\n","protected":false},"excerpt":{"rendered":"<p>prevent\u00edvne gynekologick\u00e9 prehliadky diagnostika, lie\u010dba a management gynekologick\u00fdch ochoren\u00ed cytologick\u00e9 vy\u0161etrenie kr\u010dka maternice, vr\u00e1tane mo\u017enosti odberu met\u00f3dou LBC (liquid based cytol\u00f3gia) kolposkopia vy\u0161etrenie HPV (hum\u00e1nny papillomav\u00edrus) o\u010dkovanie proti rakovine kr\u010dka maternice a genit\u00e1lnym bradaviciam ultrazvukov\u00e9 gynekologick\u00e9 vy\u0161etrenie, farebn\u00e9ho dopplerovsk\u00e9 vy\u0161etrenie antikoncep\u010dn\u00e1 porad\u0148a + management u\u017e\u00edvateliek hormon\u00e1lnej antikoncepcie zav\u00e1dzanie a vyberanie vn\u00fatromaternicov\u00fdch teliesok porad\u0148a pre \u017eeny [&hellip;]<\/p>\n","protected":false},"author":1,"featured_media":0,"parent":0,"menu_order":0,"comment_status":"closed","ping_status":"closed","template":"","meta":{"_monsterinsights_skip_tracking":false,"_monsterinsights_sitenote_active":false,"_monsterinsights_sitenote_note":"","_monsterinsights_sitenote_category":0,"footnotes":""},"class_list":["post-86","page","type-page","status-publish","hentry"],"yoast_head":"<!-- This site is optimized with the Yoast SEO plugin v23.2 - https:\/\/yoast.com\/wordpress\/plugins\/seo\/ -->\n<title>Gynekol\u00f3gia - Gynein<\/title>\n<meta name=\"robots\" content=\"index, follow, max-snippet:-1, max-image-preview:large, max-video-preview:-1\" \/>\n<link rel=\"canonical\" href=\"https:\/\/gynein.sk\/?page_id=86\" \/>\n<meta property=\"og:locale\" content=\"sk_SK\" \/>\n<meta property=\"og:type\" content=\"article\" \/>\n<meta property=\"og:title\" content=\"Gynekol\u00f3gia - Gynein\" \/>\n<meta property=\"og:description\" content=\"prevent\u00edvne gynekologick\u00e9 prehliadky diagnostika, lie\u010dba a management gynekologick\u00fdch ochoren\u00ed cytologick\u00e9 vy\u0161etrenie kr\u010dka maternice, vr\u00e1tane mo\u017enosti odberu met\u00f3dou LBC (liquid based cytol\u00f3gia) kolposkopia vy\u0161etrenie HPV (hum\u00e1nny papillomav\u00edrus) o\u010dkovanie proti rakovine kr\u010dka maternice a genit\u00e1lnym bradaviciam ultrazvukov\u00e9 gynekologick\u00e9 vy\u0161etrenie, farebn\u00e9ho dopplerovsk\u00e9 vy\u0161etrenie antikoncep\u010dn\u00e1 porad\u0148a + management u\u017e\u00edvateliek hormon\u00e1lnej antikoncepcie zav\u00e1dzanie a vyberanie vn\u00fatromaternicov\u00fdch teliesok porad\u0148a pre \u017eeny [&hellip;]\" \/>\n<meta property=\"og:url\" content=\"https:\/\/gynein.sk\/?page_id=86\" \/>\n<meta property=\"og:site_name\" content=\"Gynein\" \/>\n<meta property=\"article:modified_time\" content=\"2021-10-15T07:09:08+00:00\" \/>\n<meta name=\"twitter:card\" content=\"summary_large_image\" \/>\n<meta name=\"twitter:label1\" content=\"Predpokladan\u00fd \u010das \u010d\u00edtania\" \/>\n\t<meta name=\"twitter:data1\" content=\"1 min\u00fata\" \/>\n<script type=\"application\/ld+json\" class=\"yoast-schema-graph\">{\"@context\":\"https:\/\/schema.org\",\"@graph\":[{\"@type\":\"WebPage\",\"@id\":\"https:\/\/gynein.sk\/?page_id=86\",\"url\":\"https:\/\/gynein.sk\/?page_id=86\",\"name\":\"Gynekol\u00f3gia - Gynein\",\"isPartOf\":{\"@id\":\"https:\/\/gynein.sk\/#website\"},\"datePublished\":\"2021-10-14T07:57:36+00:00\",\"dateModified\":\"2021-10-15T07:09:08+00:00\",\"breadcrumb\":{\"@id\":\"https:\/\/gynein.sk\/?page_id=86#breadcrumb\"},\"inLanguage\":\"sk-SK\",\"potentialAction\":[{\"@type\":\"ReadAction\",\"target\":[\"https:\/\/gynein.sk\/?page_id=86\"]}]},{\"@type\":\"BreadcrumbList\",\"@id\":\"https:\/\/gynein.sk\/?page_id=86#breadcrumb\",\"itemListElement\":[{\"@type\":\"ListItem\",\"position\":1,\"name\":\"Home\",\"item\":\"https:\/\/gynein.sk\/\"},{\"@type\":\"ListItem\",\"position\":2,\"name\":\"Gynekol\u00f3gia\"}]},{\"@type\":\"WebSite\",\"@id\":\"https:\/\/gynein.sk\/#website\",\"url\":\"https:\/\/gynein.sk\/\",\"name\":\"Gynein\",\"description\":\"Komplexn\u00e1 starostlivos\u0165 v \u0161pecializovan\u00fdch odboroch\",\"potentialAction\":[{\"@type\":\"SearchAction\",\"target\":{\"@type\":\"EntryPoint\",\"urlTemplate\":\"https:\/\/gynein.sk\/?s={search_term_string}\"},\"query-input\":\"required name=search_term_string\"}],\"inLanguage\":\"sk-SK\"}]}<\/script>\n<!-- \/ Yoast SEO plugin. -->","yoast_head_json":{"title":"Gynekol\u00f3gia - Gynein","robots":{"index":"index","follow":"follow","max-snippet":"max-snippet:-1","max-image-preview":"max-image-preview:large","max-video-preview":"max-video-preview:-1"},"canonical":"https:\/\/gynein.sk\/?page_id=86","og_locale":"sk_SK","og_type":"article","og_title":"Gynekol\u00f3gia - Gynein","og_description":"prevent\u00edvne gynekologick\u00e9 prehliadky diagnostika, lie\u010dba a management gynekologick\u00fdch ochoren\u00ed cytologick\u00e9 vy\u0161etrenie kr\u010dka maternice, vr\u00e1tane mo\u017enosti odberu met\u00f3dou LBC (liquid based cytol\u00f3gia) kolposkopia vy\u0161etrenie HPV (hum\u00e1nny papillomav\u00edrus) o\u010dkovanie proti rakovine kr\u010dka maternice a genit\u00e1lnym bradaviciam ultrazvukov\u00e9 gynekologick\u00e9 vy\u0161etrenie, farebn\u00e9ho dopplerovsk\u00e9 vy\u0161etrenie antikoncep\u010dn\u00e1 porad\u0148a + management u\u017e\u00edvateliek hormon\u00e1lnej antikoncepcie zav\u00e1dzanie a vyberanie vn\u00fatromaternicov\u00fdch teliesok porad\u0148a pre \u017eeny [&hellip;]","og_url":"https:\/\/gynein.sk\/?page_id=86","og_site_name":"Gynein","article_modified_time":"2021-10-15T07:09:08+00:00","twitter_card":"summary_large_image","twitter_misc":{"Predpokladan\u00fd \u010das \u010d\u00edtania":"1 min\u00fata"},"schema":{"@context":"https:\/\/schema.org","@graph":[{"@type":"WebPage","@id":"https:\/\/gynein.sk\/?page_id=86","url":"https:\/\/gynein.sk\/?page_id=86","name":"Gynekol\u00f3gia - Gynein","isPartOf":{"@id":"https:\/\/gynein.sk\/#website"},"datePublished":"2021-10-14T07:57:36+00:00","dateModified":"2021-10-15T07:09:08+00:00","breadcrumb":{"@id":"https:\/\/gynein.sk\/?page_id=86#breadcrumb"},"inLanguage":"sk-SK","potentialAction":[{"@type":"ReadAction","target":["https:\/\/gynein.sk\/?page_id=86"]}]},{"@type":"BreadcrumbList","@id":"https:\/\/gynein.sk\/?page_id=86#breadcrumb","itemListElement":[{"@type":"ListItem","position":1,"name":"Home","item":"https:\/\/gynein.sk\/"},{"@type":"ListItem","position":2,"name":"Gynekol\u00f3gia"}]},{"@type":"WebSite","@id":"https:\/\/gynein.sk\/#website","url":"https:\/\/gynein.sk\/","name":"Gynein","description":"Komplexn\u00e1 starostlivos\u0165 v \u0161pecializovan\u00fdch odboroch","potentialAction":[{"@type":"SearchAction","target":{"@type":"EntryPoint","urlTemplate":"https:\/\/gynein.sk\/?s={search_term_string}"},"query-input":"required name=search_term_string"}],"inLanguage":"sk-SK"}]}},"_links":{"self":[{"href":"https:\/\/gynein.sk\/index.php?rest_route=\/wp\/v2\/pages\/86"}],"collection":[{"href":"https:\/\/gynein.sk\/index.php?rest_route=\/wp\/v2\/pages"}],"about":[{"href":"https:\/\/gynein.sk\/index.php?rest_route=\/wp\/v2\/types\/page"}],"author":[{"embeddable":true,"href":"https:\/\/gynein.sk\/index.php?rest_route=\/wp\/v2\/users\/1"}],"replies":[{"embeddable":true,"href":"https:\/\/gynein.sk\/index.php?rest_route=%2Fwp%2Fv2%2Fcomments&post=86"}],"version-history":[{"count":2,"href":"https:\/\/gynein.sk\/index.php?rest_route=\/wp\/v2\/pages\/86\/revisions"}],"predecessor-version":[{"id":126,"href":"https:\/\/gynein.sk\/index.php?rest_route=\/wp\/v2\/pages\/86\/revisions\/126"}],"wp:attachment":[{"href":"https:\/\/gynein.sk\/index.php?rest_route=%2Fwp%2Fv2%2Fmedia&parent=86"}],"curies":[{"name":"wp","href":"https:\/\/api.w.org\/{rel}","templated":true}]}}