{"id":98,"date":"2021-10-14T10:01:03","date_gmt":"2021-10-14T08:01:03","guid":{"rendered":"https:\/\/www.gynein.sk\/?page_id=98"},"modified":"2021-10-15T09:09:45","modified_gmt":"2021-10-15T07:09:45","slug":"porodnictvo","status":"publish","type":"page","link":"https:\/\/gynein.sk\/?page_id=98","title":{"rendered":"P\u00f4rodn\u00edctvo"},"content":{"rendered":"\n<ul class=\"wp-block-list\"><li>komplexn\u00e1 starostlivos\u0165 o tehotn\u00e9 pacientky (tehotensk\u00e1 porad\u0148a)<\/li><li>ultrazvukov\u00e9 vy\u0161etrenia v tehotnosti, vr\u00e1tane dopplerovsk\u00e9ho vy\u0161etrenia prietoku cez pupo\u010dn\u00edkov\u00fa cievu<\/li><li>3D foto z tehotensk\u00e9ho USG vy\u0161etrenia <\/li><li>3D\/4D ultrazvuk s ulo\u017een\u00edm na DVD nosi\u010d <\/li><li>kardiotokografick\u00e9 vy\u0161etrenie plodu (sledovanie oziev plodu a kontrak\u010dnej \u010dinnosti maternice)<\/li><\/ul>\n","protected":false},"excerpt":{"rendered":"<p>komplexn\u00e1 starostlivos\u0165 o tehotn\u00e9 pacientky (tehotensk\u00e1 porad\u0148a) ultrazvukov\u00e9 vy\u0161etrenia v tehotnosti, vr\u00e1tane dopplerovsk\u00e9ho vy\u0161etrenia prietoku cez pupo\u010dn\u00edkov\u00fa cievu 3D foto z tehotensk\u00e9ho USG vy\u0161etrenia 3D\/4D ultrazvuk s ulo\u017een\u00edm na DVD nosi\u010d kardiotokografick\u00e9 vy\u0161etrenie plodu (sledovanie oziev plodu a kontrak\u010dnej \u010dinnosti maternice)<\/p>\n","protected":false},"author":1,"featured_media":0,"parent":0,"menu_order":0,"comment_status":"closed","ping_status":"closed","template":"","meta":{"_monsterinsights_skip_tracking":false,"_monsterinsights_sitenote_active":false,"_monsterinsights_sitenote_note":"","_monsterinsights_sitenote_category":0,"footnotes":""},"class_list":["post-98","page","type-page","status-publish","hentry"],"yoast_head":"<!-- This site is optimized with the Yoast SEO plugin v23.2 - https:\/\/yoast.com\/wordpress\/plugins\/seo\/ -->\n<title>P\u00f4rodn\u00edctvo - Gynein<\/title>\n<meta name=\"robots\" content=\"index, follow, max-snippet:-1, max-image-preview:large, max-video-preview:-1\" \/>\n<link rel=\"canonical\" href=\"https:\/\/gynein.sk\/?page_id=98\" \/>\n<meta property=\"og:locale\" content=\"sk_SK\" \/>\n<meta property=\"og:type\" content=\"article\" \/>\n<meta property=\"og:title\" content=\"P\u00f4rodn\u00edctvo - Gynein\" \/>\n<meta property=\"og:description\" content=\"komplexn\u00e1 starostlivos\u0165 o tehotn\u00e9 pacientky (tehotensk\u00e1 porad\u0148a) ultrazvukov\u00e9 vy\u0161etrenia v tehotnosti, vr\u00e1tane dopplerovsk\u00e9ho vy\u0161etrenia prietoku cez pupo\u010dn\u00edkov\u00fa cievu 3D foto z tehotensk\u00e9ho USG vy\u0161etrenia 3D\/4D ultrazvuk s ulo\u017een\u00edm na DVD nosi\u010d kardiotokografick\u00e9 vy\u0161etrenie plodu (sledovanie oziev plodu a kontrak\u010dnej \u010dinnosti maternice)\" \/>\n<meta property=\"og:url\" content=\"https:\/\/gynein.sk\/?page_id=98\" \/>\n<meta property=\"og:site_name\" content=\"Gynein\" \/>\n<meta property=\"article:modified_time\" content=\"2021-10-15T07:09:45+00:00\" \/>\n<meta name=\"twitter:card\" content=\"summary_large_image\" \/>\n<script type=\"application\/ld+json\" class=\"yoast-schema-graph\">{\"@context\":\"https:\/\/schema.org\",\"@graph\":[{\"@type\":\"WebPage\",\"@id\":\"https:\/\/gynein.sk\/?page_id=98\",\"url\":\"https:\/\/gynein.sk\/?page_id=98\",\"name\":\"P\u00f4rodn\u00edctvo - Gynein\",\"isPartOf\":{\"@id\":\"https:\/\/gynein.sk\/#website\"},\"datePublished\":\"2021-10-14T08:01:03+00:00\",\"dateModified\":\"2021-10-15T07:09:45+00:00\",\"breadcrumb\":{\"@id\":\"https:\/\/gynein.sk\/?page_id=98#breadcrumb\"},\"inLanguage\":\"sk-SK\",\"potentialAction\":[{\"@type\":\"ReadAction\",\"target\":[\"https:\/\/gynein.sk\/?page_id=98\"]}]},{\"@type\":\"BreadcrumbList\",\"@id\":\"https:\/\/gynein.sk\/?page_id=98#breadcrumb\",\"itemListElement\":[{\"@type\":\"ListItem\",\"position\":1,\"name\":\"Home\",\"item\":\"https:\/\/gynein.sk\/\"},{\"@type\":\"ListItem\",\"position\":2,\"name\":\"P\u00f4rodn\u00edctvo\"}]},{\"@type\":\"WebSite\",\"@id\":\"https:\/\/gynein.sk\/#website\",\"url\":\"https:\/\/gynein.sk\/\",\"name\":\"Gynein\",\"description\":\"Komplexn\u00e1 starostlivos\u0165 v \u0161pecializovan\u00fdch odboroch\",\"potentialAction\":[{\"@type\":\"SearchAction\",\"target\":{\"@type\":\"EntryPoint\",\"urlTemplate\":\"https:\/\/gynein.sk\/?s={search_term_string}\"},\"query-input\":\"required name=search_term_string\"}],\"inLanguage\":\"sk-SK\"}]}<\/script>\n<!-- \/ Yoast SEO plugin. -->","yoast_head_json":{"title":"P\u00f4rodn\u00edctvo - Gynein","robots":{"index":"index","follow":"follow","max-snippet":"max-snippet:-1","max-image-preview":"max-image-preview:large","max-video-preview":"max-video-preview:-1"},"canonical":"https:\/\/gynein.sk\/?page_id=98","og_locale":"sk_SK","og_type":"article","og_title":"P\u00f4rodn\u00edctvo - Gynein","og_description":"komplexn\u00e1 starostlivos\u0165 o tehotn\u00e9 pacientky (tehotensk\u00e1 porad\u0148a) ultrazvukov\u00e9 vy\u0161etrenia v tehotnosti, vr\u00e1tane dopplerovsk\u00e9ho vy\u0161etrenia prietoku cez pupo\u010dn\u00edkov\u00fa cievu 3D foto z tehotensk\u00e9ho USG vy\u0161etrenia 3D\/4D ultrazvuk s ulo\u017een\u00edm na DVD nosi\u010d kardiotokografick\u00e9 vy\u0161etrenie plodu (sledovanie oziev plodu a kontrak\u010dnej \u010dinnosti maternice)","og_url":"https:\/\/gynein.sk\/?page_id=98","og_site_name":"Gynein","article_modified_time":"2021-10-15T07:09:45+00:00","twitter_card":"summary_large_image","schema":{"@context":"https:\/\/schema.org","@graph":[{"@type":"WebPage","@id":"https:\/\/gynein.sk\/?page_id=98","url":"https:\/\/gynein.sk\/?page_id=98","name":"P\u00f4rodn\u00edctvo - Gynein","isPartOf":{"@id":"https:\/\/gynein.sk\/#website"},"datePublished":"2021-10-14T08:01:03+00:00","dateModified":"2021-10-15T07:09:45+00:00","breadcrumb":{"@id":"https:\/\/gynein.sk\/?page_id=98#breadcrumb"},"inLanguage":"sk-SK","potentialAction":[{"@type":"ReadAction","target":["https:\/\/gynein.sk\/?page_id=98"]}]},{"@type":"BreadcrumbList","@id":"https:\/\/gynein.sk\/?page_id=98#breadcrumb","itemListElement":[{"@type":"ListItem","position":1,"name":"Home","item":"https:\/\/gynein.sk\/"},{"@type":"ListItem","position":2,"name":"P\u00f4rodn\u00edctvo"}]},{"@type":"WebSite","@id":"https:\/\/gynein.sk\/#website","url":"https:\/\/gynein.sk\/","name":"Gynein","description":"Komplexn\u00e1 starostlivos\u0165 v \u0161pecializovan\u00fdch odboroch","potentialAction":[{"@type":"SearchAction","target":{"@type":"EntryPoint","urlTemplate":"https:\/\/gynein.sk\/?s={search_term_string}"},"query-input":"required name=search_term_string"}],"inLanguage":"sk-SK"}]}},"_links":{"self":[{"href":"https:\/\/gynein.sk\/index.php?rest_route=\/wp\/v2\/pages\/98"}],"collection":[{"href":"https:\/\/gynein.sk\/index.php?rest_route=\/wp\/v2\/pages"}],"about":[{"href":"https:\/\/gynein.sk\/index.php?rest_route=\/wp\/v2\/types\/page"}],"author":[{"embeddable":true,"href":"https:\/\/gynein.sk\/index.php?rest_route=\/wp\/v2\/users\/1"}],"replies":[{"embeddable":true,"href":"https:\/\/gynein.sk\/index.php?rest_route=%2Fwp%2Fv2%2Fcomments&post=98"}],"version-history":[{"count":2,"href":"https:\/\/gynein.sk\/index.php?rest_route=\/wp\/v2\/pages\/98\/revisions"}],"predecessor-version":[{"id":127,"href":"https:\/\/gynein.sk\/index.php?rest_route=\/wp\/v2\/pages\/98\/revisions\/127"}],"wp:attachment":[{"href":"https:\/\/gynein.sk\/index.php?rest_route=%2Fwp%2Fv2%2Fmedia&parent=98"}],"curies":[{"name":"wp","href":"https:\/\/api.w.org\/{rel}","templated":true}]}}